{"id":53,"date":"2023-12-16T08:30:47","date_gmt":"2023-12-16T07:30:47","guid":{"rendered":"http:\/\/svenskkraftreserv.se\/?page_id=53"},"modified":"2023-12-16T08:34:17","modified_gmt":"2023-12-16T07:34:17","slug":"svensk-kraftreserv-ab","status":"publish","type":"page","link":"https:\/\/svenskkraftreserv.se\/","title":{"rendered":"Svensk Kraftreserv"},"content":{"rendered":"\n<p>Tidigare Svenska kraftn\u00e4t Gasturbiner AB. <\/p>\n\n\n\n<p>Svensk Kraftreserv \u00e4r ett hel\u00e4gt dotterbolag till Svenska kraftn\u00e4t som driver och f\u00f6rvaltar de gasturbinanl\u00e4ggningar som Svenska kraftn\u00e4t beh\u00f6ver f\u00f6r sin verksamhet. <br>Bolagets m\u00e5ls\u00e4ttning \u00e4r att med h\u00f6g tillg\u00e4nglighet tillhandah\u00e5lla reservkapacitet fr\u00e5n bolagets gasturbinkraftverk.<\/p>\n\n\n\n<p><a href=\"https:\/\/www.svk.se\/om-oss\/sa-styrs-vi\/dotter-och-intressebolag\/\">l\u00e4s mer<\/a><\/p>\n\n\n\n<p><\/p>\n","protected":false},"excerpt":{"rendered":"<p>Tidigare Svenska kraftn\u00e4t Gasturbiner AB. Svensk Kraftreserv \u00e4r ett hel\u00e4gt dotterbolag till Svenska kraftn\u00e4t som driver och f\u00f6rvaltar de gasturbinanl\u00e4ggningar som Svenska kraftn\u00e4t beh\u00f6ver f\u00f6r sin verksamhet. Bolagets m\u00e5ls\u00e4ttning \u00e4r att med h\u00f6g tillg\u00e4nglighet tillhandah\u00e5lla reservkapacitet fr\u00e5n bolagets gasturbinkraftverk. l\u00e4s mer<\/p>\n","protected":false},"author":2,"featured_media":0,"parent":0,"menu_order":0,"comment_status":"closed","ping_status":"closed","template":"","meta":{"footnotes":""},"class_list":["post-53","page","type-page","status-publish","hentry"],"_links":{"self":[{"href":"https:\/\/svenskkraftreserv.se\/index.php?rest_route=\/wp\/v2\/pages\/53","targetHints":{"allow":["GET"]}}],"collection":[{"href":"https:\/\/svenskkraftreserv.se\/index.php?rest_route=\/wp\/v2\/pages"}],"about":[{"href":"https:\/\/svenskkraftreserv.se\/index.php?rest_route=\/wp\/v2\/types\/page"}],"author":[{"embeddable":true,"href":"https:\/\/svenskkraftreserv.se\/index.php?rest_route=\/wp\/v2\/users\/2"}],"replies":[{"embeddable":true,"href":"https:\/\/svenskkraftreserv.se\/index.php?rest_route=%2Fwp%2Fv2%2Fcomments&post=53"}],"version-history":[{"count":3,"href":"https:\/\/svenskkraftreserv.se\/index.php?rest_route=\/wp\/v2\/pages\/53\/revisions"}],"predecessor-version":[{"id":68,"href":"https:\/\/svenskkraftreserv.se\/index.php?rest_route=\/wp\/v2\/pages\/53\/revisions\/68"}],"wp:attachment":[{"href":"https:\/\/svenskkraftreserv.se\/index.php?rest_route=%2Fwp%2Fv2%2Fmedia&parent=53"}],"curies":[{"name":"wp","href":"https:\/\/api.w.org\/{rel}","templated":true}]}}